{"id":3,"date":"2025-04-02T15:54:26","date_gmt":"2025-04-02T15:54:26","guid":{"rendered":"https:\/\/emmanuel-buffet.fr\/?page_id=3"},"modified":"2025-05-30T20:18:30","modified_gmt":"2025-05-30T20:18:30","slug":"mentions-legales","status":"publish","type":"page","link":"https:\/\/emmanuel-buffet.fr\/?page_id=3","title":{"rendered":"Mentions L\u00e9gales"},"content":{"rendered":"\t\t<div data-elementor-type=\"wp-page\" data-elementor-id=\"3\" class=\"elementor elementor-3\">\n\t\t\t\t<div class=\"elementor-element elementor-element-1eecce46 e-flex e-con-boxed e-con e-parent\" data-id=\"1eecce46\" data-element_type=\"container\" data-e-type=\"container\">\n\t\t\t\t\t<div class=\"e-con-inner\">\n\t\t\t\t<div class=\"elementor-element elementor-element-772c0319 elementor-widget elementor-widget-text-editor\" data-id=\"772c0319\" data-element_type=\"widget\" data-e-type=\"widget\" data-widget_type=\"text-editor.default\">\n\t\t\t\t<div class=\"elementor-widget-container\">\n\t\t\t\t\t\t\t\t\t<p class=\"center pg-mp-titre-h1\"><strong>MENTIONS L\u00c9GALES\u00a0Emmanuel Buffet<\/strong><\/p><p class=\"wp-block-heading\"><span class=\"center pg-mp-span-h1\">Loi du 21 juin 2004 pour la confiance dans l\u2019\u00e9conomie num\u00e9rique<\/span><\/p><p class=\"pg-mp-titre-bg\"><strong>Site \u00e9dit\u00e9 par :<\/strong><\/p><p class=\"wp-block-heading\">&#8211; Adresse postale : 44220 Coueron<br \/>&#8211; Email : <a href=\"mailto:contact.emmanuelbuffet@gmail.com\">contact.emmanuelbuffet@gmail.com<\/a><br \/>&#8211; T\u00e9l\u00e9phone :<b> 06 62 29 46 18<\/b><br \/>&#8211; Directeur de la publication : <strong>Emmanuel Buffet<\/strong><\/p><p class=\"pg-mp-titre-bg\">Conception, d\u00e9veloppement et r\u00e9alisation du site<\/p><p class=\"wp-block-heading\">Le site est con\u00e7u par <a href=\"http:\/\/comfettis.fr\"><b>Comfettis<\/b><\/a><br \/>&#8211;\u00a0<span class=\"hebergeur-webmaster\">Adresse : 5, lieu dit Bel Air &#8211; 44270 La Marne<\/span><br \/>&#8211; T\u00e9l\u00e9phone :\u00a0<b><span class=\"hebergeur-webmaster\">06 85 53 95 95<\/span><\/b><\/p><p class=\"pg-mp-titre-bg\"><strong>H\u00e9bergement :<\/strong><\/p><p class=\"wp-block-heading\">Le site est h\u00e9berg\u00e9 par O2Switch<br \/>&#8211; Si\u00e8ge social : Chemin des Pardiaux &#8211; 63000 Clermont-Ferrand.<br \/>&#8211; T\u00e9l\u00e9phone : <strong>04 44 44 60 40<\/strong><\/p><p class=\"pg-mp-titre-bg\"><strong>Objectif et qualit\u00e9 des contenus :<\/strong><\/p><p class=\"wp-block-heading\">Ce site internet a pour objectif de pr\u00e9senter les prestations et les r\u00e9alisations de <b>Emmanuel Buffet<\/b><\/p><p class=\"pg-mp-titre-bg\"><strong>Droit de propri\u00e9t\u00e9 intellectuelle :<\/strong><\/p><p class=\"wp-block-heading\"><b>Emmanuel Buffet<\/b> est propri\u00e9taire ou d\u00e9tient les droits d\u2019usage sur tous les \u00e9l\u00e9ments de droit de propri\u00e9t\u00e9 intellectuelle pr\u00e9sents sur le site, notamment les textes, images, graphismes, marque, logo, ic\u00f4nes, commentaires, sons, vid\u00e9os. L\u2019acc\u00e8s au site de <b>Emmanuel Buffet<\/b>, ne conf\u00e8re aucun droit de propri\u00e9t\u00e9 intellectuelle aux utilisateurs. Ils restent la propri\u00e9t\u00e9 exclusive de <b>Emmanuel Buffet.<\/b><br \/>En cons\u00e9quence, aucun des \u00e9l\u00e9ments du site ne pourra en tout ou partie \u00eatre modifi\u00e9, reproduit, copi\u00e9, dupliqu\u00e9, vendu, revendu, transmis, publi\u00e9, communiqu\u00e9, distribu\u00e9, diffus\u00e9, repr\u00e9sent\u00e9, stock\u00e9, utilis\u00e9, lou\u00e9 ou exploit\u00e9 de toute autre mani\u00e8re, \u00e0 titre gratuit ou on\u00e9reux, par un utilisateur ou par un tiers, quels que soient les moyens et\/ou les supports utilis\u00e9s, qu\u2019ils soient connus ou inconnus \u00e0 ce jour, sans l\u2019autorisation pr\u00e9alable expresse et \u00e9crite de <b>Emmanuel Buffet<\/b> au cas par cas. L\u2019utilisateur est seul responsable de toute utilisation et\/ou exploitation non autoris\u00e9e. Toute exploitation non autoris\u00e9e du site ou quelconque \u00e9l\u00e9ment qu\u2019il contient sera consid\u00e9r\u00e9e comme constitutive d\u2019une contrefa\u00e7on et poursuivie conform\u00e9ment aux dispositions des articles L.335-2 et suivants du Code de Propri\u00e9t\u00e9 Intellectuelle. <b>Emmanuel Buffet<\/b> se r\u00e9serve la possibilit\u00e9 de saisir toutes les voies de droit \u00e0 l\u2019encontre des personnes qui n\u2019auraient pas respect\u00e9 les interdictions contenues dans le pr\u00e9sent article.<\/p><p class=\"pg-mp-titre-bg\"><strong>Responsabilit\u00e9s :<\/strong><\/p><p class=\"wp-block-heading\">L\u2019utilisateur du site s\u2019engage \u00e0 acc\u00e9der au site en utilisant un mat\u00e9riel r\u00e9cent, ne contenant pas de virus et avec un navigateur de derni\u00e8re g\u00e9n\u00e9ration mis-\u00e0-jour. <b>Emmanuel Buffet<\/b> ne pourra \u00eatre tenue responsable des dommages directs et indirects caus\u00e9s au mat\u00e9riel de l\u2019utilisateur, lors de l\u2019acc\u00e8s au site et r\u00e9sultant soit de l\u2019utilisation d\u2019un mat\u00e9riel ne r\u00e9pondant pas aux sp\u00e9cifications indiqu\u00e9es ci-dessus, soit de l\u2019apparition d\u2019un bug ou d\u2019une incompatibilit\u00e9.<\/p><p class=\"pg-mp-titre-bg\"><strong>Gestion des donn\u00e9es personnelles :<\/strong><\/p><p class=\"wp-block-heading\">D&rsquo;une fa\u00e7on g\u00e9n\u00e9rale, l\u2019utilisateur peut visiter le site Internet de <b>Emmanuel Buffet <\/b>sans avoir \u00e0 d\u00e9cliner son identit\u00e9 et \u00e0 fournir des informations personnelles le concernant. L\u2019utilisateur du site peut toutefois d\u00e9poser des donn\u00e9es \u00e0 caract\u00e8re personnel dans l\u2019onglet \u00ab Contact \u00bb. <b>Emmanuel Buffet<\/b> traitera ces donn\u00e9es (nom, pr\u00e9nom, adresse \u00e9lectronique, t\u00e9l\u00e9phone et commentaire libre) pour r\u00e9pondre \u00e0 la demande d\u2019information de l\u2019utilisateur du site. Pour toute question relative \u00e0 la gestion de ses donn\u00e9es personnelles, l\u2019utilisateur peut contacter <b>Emmanuel Buffet<\/b> par courrier \u00e0 l&rsquo;adresse du si\u00e8ge de <b>Emmanuel Buffet<\/b>. ou par mail \u00e0 l\u2019adresse : <a href=\"mailto:contact.emmanuelbuffet@gmail.com\">contact.emmanuelbuffet@gmail.com<\/a><b><br \/><\/b><\/p><p class=\"pg-mp-titre-bg\"><strong>Cookies :<\/strong><\/p><p class=\"wp-block-heading\">La navigation sur le site\u00a0<a href=\"https:\/\/www.emmanuel-buffet.fr\"><b>https:\/\/www.emmanuel-buffet.fr<\/b><\/a> est susceptible de provoquer l\u2019installation de cookie(s) sur l\u2019ordinateur de l\u2019utilisateur. Un cookie est un fichier de petite taille, qui ne permet pas l\u2019identification de l\u2019utilisateur, mais qui enregistre des informations relatives \u00e0 la navigation d\u2019un ordinateur sur un site. Les donn\u00e9es ainsi obtenues visent \u00e0 faciliter la navigation ult\u00e9rieure sur le site, et ont \u00e9galement vocation \u00e0 permettre diverses mesures de fr\u00e9quentation. Le refus d\u2019installation d\u2019un cookie peut entra\u00eener l\u2019impossibilit\u00e9 d\u2019acc\u00e9der \u00e0 certains services propos\u00e9s par le site. L\u2019utilisateur peut toutefois g\u00e9rer le d\u00e9p\u00f4t et la lecture de cookies et l\u2019utilisation de technologies de suivi en cliquant sur le lien en bas de page du site \u00ab Gestion des cookies \u00bb. Le panneau de gestion des cookies permet \u00e0 l\u2019utilisateur d\u2019accepter ou de refuser les cookies non n\u00e9cessaires.<\/p><p class=\"pg-mp-titre-bg\"><strong>Liens hypertextes :<\/strong><\/p><p class=\"wp-block-heading\">Le site<a href=\"https:\/\/www.emmanuel-buffet.fr\">\u00a0<b>https:\/\/www.emmanuel-buffet.fr<\/b>\u00a0<\/a>contient un certain nombre de liens hypertextes vers d\u2019autres sites, mis en place avec l\u2019autorisation de <strong>Emmanuel Buffet<\/strong>. Cependant, <strong>Emmanuel Buffet<\/strong> n\u2019a pas la possibilit\u00e9 de v\u00e9rifier le contenu des sites ainsi visit\u00e9s, et n\u2019assumera en cons\u00e9quence aucune responsabilit\u00e9 de ce fait.<br \/>Loi applicable et tribunal comp\u00e9tent. Tout litige en relation avec l\u2019utilisation du site\u00a0<a href=\"https:\/\/www.emmanuel-Buffet.fr\"><b>https:\/\/www.emmanuel-Buffet.fr<\/b>\u00a0<\/a>est soumis \u00e0 la loi fran\u00e7aise. L&rsquo;utilisateur et <strong>Emmanuel Buffet<\/strong> s\u2019efforceront de r\u00e9soudre \u00e0 l\u2019amiable les contestations relatives au pr\u00e9sent document. A d\u00e9faut d\u2019accord amiable, la comp\u00e9tence expresse est attribu\u00e9e aux tribunaux comp\u00e9tents du ressort de la Cour d\u2019appel du si\u00e8ge social de <strong>Emmanuel Buffet<\/strong>, nonobstant pluralit\u00e9 de d\u00e9fendeurs ou appel en garantie, m\u00eame pour les proc\u00e9dures d\u2019urgence, d\u2019expertise ou les proc\u00e9dures conservatoires en r\u00e9f\u00e9r\u00e9 ou par requ\u00eate.<\/p>\t\t\t\t\t\t\t\t<\/div>\n\t\t\t\t<\/div>\n\t\t\t\t<div class=\"elementor-element elementor-element-d3250a3 elementor-align-center elementor-widget elementor-widget-button\" data-id=\"d3250a3\" data-element_type=\"widget\" data-e-type=\"widget\" data-widget_type=\"button.default\">\n\t\t\t\t<div class=\"elementor-widget-container\">\n\t\t\t\t\t\t\t\t\t<div class=\"elementor-button-wrapper\">\n\t\t\t\t\t<a class=\"elementor-button elementor-button-link elementor-size-sm\" href=\"https:\/\/emmanuel-buffet.fr\">\n\t\t\t\t\t\t<span class=\"elementor-button-content-wrapper\">\n\t\t\t\t\t\t\t\t\t<span class=\"elementor-button-text\">Retour sur le site<\/span>\n\t\t\t\t\t<\/span>\n\t\t\t\t\t<\/a>\n\t\t\t\t<\/div>\n\t\t\t\t\t\t\t\t<\/div>\n\t\t\t\t<\/div>\n\t\t\t\t\t<\/div>\n\t\t\t\t<\/div>\n\t\t\t\t<\/div>\n\t\t","protected":false},"excerpt":{"rendered":"<p class=\"tx-excerpt\">MENTIONS L\u00c9GALES\u00a0Emmanuel Buffet Loi du 21 juin 2004 pour la confiance dans l\u2019\u00e9conomie num\u00e9rique Site \u00e9dit\u00e9 par : &#8211; Adresse postale : 44220 Coueron&#8211; Email : contact.emmanuelbuffet@gmail.com&#8211; T\u00e9l\u00e9phone : 06 62 29 46 18&#8211; Directeur...<\/p>","protected":false},"author":1,"featured_media":0,"parent":0,"menu_order":0,"comment_status":"closed","ping_status":"open","template":"elementor_canvas","meta":{"footnotes":""},"class_list":["post-3","page","type-page","status-publish","hentry"],"yoast_head":"<!-- This site is optimized with the Yoast SEO plugin v27.5 - https:\/\/yoast.com\/product\/yoast-seo-wordpress\/ -->\n<title>Mentions L\u00e9gales - Emmanuel Buffet<\/title>\n<meta name=\"robots\" content=\"index, follow, max-snippet:-1, max-image-preview:large, max-video-preview:-1\" \/>\n<link rel=\"canonical\" href=\"https:\/\/emmanuel-buffet.fr\/?page_id=3\" \/>\n<meta property=\"og:locale\" content=\"fr_FR\" \/>\n<meta property=\"og:type\" content=\"article\" \/>\n<meta property=\"og:title\" content=\"Mentions L\u00e9gales - Emmanuel Buffet\" \/>\n<meta property=\"og:description\" content=\"MENTIONS L\u00c9GALES\u00a0Emmanuel Buffet Loi du 21 juin 2004 pour la confiance dans l\u2019\u00e9conomie num\u00e9rique Site \u00e9dit\u00e9 par : &#8211; Adresse postale : 44220 Coueron&#8211; Email : contact.emmanuelbuffet@gmail.com&#8211; T\u00e9l\u00e9phone : 06 62 29 46 18&#8211; Directeur de la publication : Emmanuel Buffet Conception, d\u00e9veloppement et r\u00e9alisation du site Le site est con\u00e7u par Comfettis&#8211;\u00a0Adresse : 5, [&hellip;]\" \/>\n<meta property=\"og:url\" content=\"https:\/\/emmanuel-buffet.fr\/?page_id=3\" \/>\n<meta property=\"og:site_name\" content=\"Emmanuel Buffet\" \/>\n<meta property=\"article:modified_time\" content=\"2025-05-30T20:18:30+00:00\" \/>\n<meta name=\"twitter:card\" content=\"summary_large_image\" \/>\n<meta name=\"twitter:label1\" content=\"Dur\u00e9e de lecture estim\u00e9e\" \/>\n\t<meta name=\"twitter:data1\" content=\"4 minutes\" \/>\n<script type=\"application\/ld+json\" class=\"yoast-schema-graph\">{\"@context\":\"https:\\\/\\\/schema.org\",\"@graph\":[{\"@type\":\"WebPage\",\"@id\":\"https:\\\/\\\/emmanuel-buffet.fr\\\/?page_id=3\",\"url\":\"https:\\\/\\\/emmanuel-buffet.fr\\\/?page_id=3\",\"name\":\"Mentions L\u00e9gales - Emmanuel Buffet\",\"isPartOf\":{\"@id\":\"https:\\\/\\\/emmanuel-buffet.fr\\\/#website\"},\"datePublished\":\"2025-04-02T15:54:26+00:00\",\"dateModified\":\"2025-05-30T20:18:30+00:00\",\"breadcrumb\":{\"@id\":\"https:\\\/\\\/emmanuel-buffet.fr\\\/?page_id=3#breadcrumb\"},\"inLanguage\":\"fr-FR\",\"potentialAction\":[{\"@type\":\"ReadAction\",\"target\":[\"https:\\\/\\\/emmanuel-buffet.fr\\\/?page_id=3\"]}]},{\"@type\":\"BreadcrumbList\",\"@id\":\"https:\\\/\\\/emmanuel-buffet.fr\\\/?page_id=3#breadcrumb\",\"itemListElement\":[{\"@type\":\"ListItem\",\"position\":1,\"name\":\"Accueil\",\"item\":\"https:\\\/\\\/emmanuel-buffet.fr\\\/\"},{\"@type\":\"ListItem\",\"position\":2,\"name\":\"Mentions L\u00e9gales\"}]},{\"@type\":\"WebSite\",\"@id\":\"https:\\\/\\\/emmanuel-buffet.fr\\\/#website\",\"url\":\"https:\\\/\\\/emmanuel-buffet.fr\\\/\",\"name\":\"Emmanuel Buffet com\u00e9dien et voix off Nantes\",\"description\":\"Emmanuel Buffet com\u00e9dien voix-OFF Nantes\",\"potentialAction\":[{\"@type\":\"SearchAction\",\"target\":{\"@type\":\"EntryPoint\",\"urlTemplate\":\"https:\\\/\\\/emmanuel-buffet.fr\\\/?s={search_term_string}\"},\"query-input\":{\"@type\":\"PropertyValueSpecification\",\"valueRequired\":true,\"valueName\":\"search_term_string\"}}],\"inLanguage\":\"fr-FR\"}]}<\/script>\n<!-- \/ Yoast SEO plugin. -->","yoast_head_json":{"title":"Mentions L\u00e9gales - Emmanuel Buffet","robots":{"index":"index","follow":"follow","max-snippet":"max-snippet:-1","max-image-preview":"max-image-preview:large","max-video-preview":"max-video-preview:-1"},"canonical":"https:\/\/emmanuel-buffet.fr\/?page_id=3","og_locale":"fr_FR","og_type":"article","og_title":"Mentions L\u00e9gales - Emmanuel Buffet","og_description":"MENTIONS L\u00c9GALES\u00a0Emmanuel Buffet Loi du 21 juin 2004 pour la confiance dans l\u2019\u00e9conomie num\u00e9rique Site \u00e9dit\u00e9 par : &#8211; Adresse postale : 44220 Coueron&#8211; Email : contact.emmanuelbuffet@gmail.com&#8211; T\u00e9l\u00e9phone : 06 62 29 46 18&#8211; Directeur de la publication : Emmanuel Buffet Conception, d\u00e9veloppement et r\u00e9alisation du site Le site est con\u00e7u par Comfettis&#8211;\u00a0Adresse : 5, [&hellip;]","og_url":"https:\/\/emmanuel-buffet.fr\/?page_id=3","og_site_name":"Emmanuel Buffet","article_modified_time":"2025-05-30T20:18:30+00:00","twitter_card":"summary_large_image","twitter_misc":{"Dur\u00e9e de lecture estim\u00e9e":"4 minutes"},"schema":{"@context":"https:\/\/schema.org","@graph":[{"@type":"WebPage","@id":"https:\/\/emmanuel-buffet.fr\/?page_id=3","url":"https:\/\/emmanuel-buffet.fr\/?page_id=3","name":"Mentions L\u00e9gales - Emmanuel Buffet","isPartOf":{"@id":"https:\/\/emmanuel-buffet.fr\/#website"},"datePublished":"2025-04-02T15:54:26+00:00","dateModified":"2025-05-30T20:18:30+00:00","breadcrumb":{"@id":"https:\/\/emmanuel-buffet.fr\/?page_id=3#breadcrumb"},"inLanguage":"fr-FR","potentialAction":[{"@type":"ReadAction","target":["https:\/\/emmanuel-buffet.fr\/?page_id=3"]}]},{"@type":"BreadcrumbList","@id":"https:\/\/emmanuel-buffet.fr\/?page_id=3#breadcrumb","itemListElement":[{"@type":"ListItem","position":1,"name":"Accueil","item":"https:\/\/emmanuel-buffet.fr\/"},{"@type":"ListItem","position":2,"name":"Mentions L\u00e9gales"}]},{"@type":"WebSite","@id":"https:\/\/emmanuel-buffet.fr\/#website","url":"https:\/\/emmanuel-buffet.fr\/","name":"Emmanuel Buffet com\u00e9dien et voix off Nantes","description":"Emmanuel Buffet com\u00e9dien voix-OFF Nantes","potentialAction":[{"@type":"SearchAction","target":{"@type":"EntryPoint","urlTemplate":"https:\/\/emmanuel-buffet.fr\/?s={search_term_string}"},"query-input":{"@type":"PropertyValueSpecification","valueRequired":true,"valueName":"search_term_string"}}],"inLanguage":"fr-FR"}]}},"_links":{"self":[{"href":"https:\/\/emmanuel-buffet.fr\/index.php?rest_route=\/wp\/v2\/pages\/3","targetHints":{"allow":["GET"]}}],"collection":[{"href":"https:\/\/emmanuel-buffet.fr\/index.php?rest_route=\/wp\/v2\/pages"}],"about":[{"href":"https:\/\/emmanuel-buffet.fr\/index.php?rest_route=\/wp\/v2\/types\/page"}],"author":[{"embeddable":true,"href":"https:\/\/emmanuel-buffet.fr\/index.php?rest_route=\/wp\/v2\/users\/1"}],"replies":[{"embeddable":true,"href":"https:\/\/emmanuel-buffet.fr\/index.php?rest_route=%2Fwp%2Fv2%2Fcomments&post=3"}],"version-history":[{"count":10,"href":"https:\/\/emmanuel-buffet.fr\/index.php?rest_route=\/wp\/v2\/pages\/3\/revisions"}],"predecessor-version":[{"id":1398,"href":"https:\/\/emmanuel-buffet.fr\/index.php?rest_route=\/wp\/v2\/pages\/3\/revisions\/1398"}],"wp:attachment":[{"href":"https:\/\/emmanuel-buffet.fr\/index.php?rest_route=%2Fwp%2Fv2%2Fmedia&parent=3"}],"curies":[{"name":"wp","href":"https:\/\/api.w.org\/{rel}","templated":true}]}}